{"id":9,"date":"2025-07-18T17:14:16","date_gmt":"2025-07-18T17:14:16","guid":{"rendered":"https:\/\/timbloemers.com\/?page_id=9"},"modified":"2025-12-12T07:05:09","modified_gmt":"2025-12-12T07:05:09","slug":"home","status":"publish","type":"page","link":"https:\/\/timbloemers.com\/","title":{"rendered":"Home"},"content":{"rendered":"\t\t<div data-elementor-type=\"wp-page\" data-elementor-id=\"9\" class=\"elementor elementor-9\" data-elementor-post-type=\"page\">\n\t\t\t\t<div class=\"elementor-element elementor-element-173f40d e-flex e-con-boxed e-con e-parent\" data-id=\"173f40d\" data-element_type=\"container\" data-settings=\"{&quot;background_background&quot;:&quot;slideshow&quot;,&quot;background_slideshow_gallery&quot;:[{&quot;id&quot;:18,&quot;url&quot;:&quot;https:\\\/\\\/timbloemers.com\\\/wp-content\\\/uploads\\\/2025\\\/07\\\/Tim-Paars.jpg&quot;}],&quot;background_slideshow_loop&quot;:&quot;yes&quot;,&quot;background_slideshow_slide_duration&quot;:5000,&quot;background_slideshow_slide_transition&quot;:&quot;fade&quot;,&quot;background_slideshow_transition_duration&quot;:500}\">\n\t\t\t\t\t<div class=\"e-con-inner\">\n\t\t\t\t<div class=\"elementor-element elementor-element-0c4c93b elementor-widget elementor-widget-heading\" data-id=\"0c4c93b\" data-element_type=\"widget\" data-widget_type=\"heading.default\">\n\t\t\t\t\t<h1 class=\"elementor-heading-title elementor-size-default\">Tim Bloemers<\/h1>\t\t\t\t<\/div>\n\t\t\t\t<div class=\"elementor-element elementor-element-772448f elementor-widget elementor-widget-text-editor\" data-id=\"772448f\" data-element_type=\"widget\" data-widget_type=\"text-editor.default\">\n\t\t\t\t\t\t\t\t\t<p>Ondernemer. Spreker. AI-expert.<\/p>\t\t\t\t\t\t\t\t<\/div>\n\t\t\t\t\t<\/div>\n\t\t\t\t<\/div>\n\t\t<div class=\"elementor-element elementor-element-a8b308d e-flex e-con-boxed e-con e-parent\" data-id=\"a8b308d\" data-element_type=\"container\" data-settings=\"{&quot;background_background&quot;:&quot;classic&quot;}\">\n\t\t\t\t\t<div class=\"e-con-inner\">\n\t\t<div class=\"elementor-element elementor-element-0ac0b95 e-con-full e-flex e-con e-child\" data-id=\"0ac0b95\" data-element_type=\"container\">\n\t\t\t\t<div class=\"elementor-element elementor-element-772b78e elementor-widget elementor-widget-heading\" data-id=\"772b78e\" data-element_type=\"widget\" data-widget_type=\"heading.default\">\n\t\t\t\t\t<h2 class=\"elementor-heading-title elementor-size-default\">\"Wij moeten ook iets met AI.\"<\/h2>\t\t\t\t<\/div>\n\t\t\t\t<div class=\"elementor-element elementor-element-dc1ad27 elementor-widget elementor-widget-text-editor\" data-id=\"dc1ad27\" data-element_type=\"widget\" data-widget_type=\"text-editor.default\">\n\t\t\t\t\t\t\t\t\t<p>Herkenbare zin?<\/p><p data-start=\"620\" data-end=\"849\">De meeste bedrijven zitten vol ambitie.<\/p><p data-start=\"620\" data-end=\"849\">Ze weten dat AI enorme kansen biedt. Voor effici\u00ebntie, creativiteit, klantcontact.<\/p><p data-start=\"620\" data-end=\"849\">Maar in de praktijk blijft het vaak bij wat testen met ChatGPT of CoPilot\u2026<br data-start=\"822\" data-end=\"825\" \/>en dan loopt het vast.<\/p><p data-start=\"851\" data-end=\"932\">Niet omdat de wil ontbreekt, maar omdat het <strong data-start=\"895\" data-end=\"923\">nog niet concreet genoeg<\/strong> wordt.<\/p><p data-start=\"934\" data-end=\"1097\">Ik help bedrijven om die drempel te doorbreken.<br data-start=\"981\" data-end=\"984\" \/>Om AI niet te zien als iets toekomstigs, maar als iets dat <strong data-start=\"1043\" data-end=\"1073\">vandaag al waarde toevoegt<\/strong> aan jouw organisatie.<\/p>\t\t\t\t\t\t\t\t<\/div>\n\t\t\t\t<\/div>\n\t\t\t\t\t<\/div>\n\t\t\t\t<\/div>\n\t\t<div class=\"elementor-element elementor-element-0ce5bbe e-flex e-con-boxed e-con e-parent\" data-id=\"0ce5bbe\" data-element_type=\"container\">\n\t\t\t\t\t<div class=\"e-con-inner\">\n\t\t<div class=\"elementor-element elementor-element-6428ed4 e-con-full e-flex e-con e-child\" data-id=\"6428ed4\" data-element_type=\"container\">\n\t\t\t\t<div class=\"elementor-element elementor-element-766b1cc elementor-widget elementor-widget-heading\" data-id=\"766b1cc\" data-element_type=\"widget\" data-widget_type=\"heading.default\">\n\t\t\t\t\t<h2 class=\"elementor-heading-title elementor-size-default\">Over mij<\/h2>\t\t\t\t<\/div>\n\t\t\t\t<div class=\"elementor-element elementor-element-78628ad elementor-widget elementor-widget-text-editor\" data-id=\"78628ad\" data-element_type=\"widget\" data-widget_type=\"text-editor.default\">\n\t\t\t\t\t\t\t\t\t<p data-start=\"1125\" data-end=\"1438\">Ik ben Tim Bloemers.\u00a0 Ondernemer, spreker en eigenaar van twee bedrijven: videomarketing agency <strong data-start=\"1208\" data-end=\"1224\">Fior Network\u00a0<\/strong>en AI-startup <strong>Flowbuilders<\/strong>.<\/p><p data-start=\"1125\" data-end=\"1438\"><br data-start=\"1225\" data-end=\"1228\" \/>Mijn carri\u00e8re begon ooit bij de radio, bij onder andere <strong data-start=\"1284\" data-end=\"1293\">SLAM!<\/strong>, waar ik leerde hoe je mensen \u00e9cht bereikt.<\/p><p data-start=\"1125\" data-end=\"1438\"><br data-start=\"1337\" data-end=\"1340\" \/>Later ontdekte ik iets anders wat me nooit meer losliet: de kracht van <strong data-start=\"1411\" data-end=\"1435\">automatisering en AI<\/strong>.<\/p><p data-start=\"1440\" data-end=\"1692\">Wat begon als een manier om mijn eigen bedrijf slimmer te organiseren, groeide uit tot een passie om anderen te helpen hetzelfde te doen.<br data-start=\"1577\" data-end=\"1580\" \/>Vandaag geef ik <strong data-start=\"1596\" data-end=\"1619\">lezingen en sessies<\/strong> aan organisaties die AI praktisch willen maken. Met een focus op groei en effici\u00ebntie, zodat er meer tijd is voor waar het \u00e9cht om draait: menselijk contact en \u00e9chte persoonlijke aandacht.<\/p>\t\t\t\t\t\t\t\t<\/div>\n\t\t\t\t<\/div>\n\t\t<div class=\"elementor-element elementor-element-18da16e e-con-full e-flex e-con e-child\" data-id=\"18da16e\" data-element_type=\"container\">\n\t\t\t\t<div class=\"elementor-element elementor-element-9cae7b6 elementor-widget elementor-widget-image\" data-id=\"9cae7b6\" data-element_type=\"widget\" data-widget_type=\"image.default\">\n\t\t\t\t\t\t\t\t\t\t\t\t\t\t\t<img fetchpriority=\"high\" decoding=\"async\" width=\"800\" height=\"450\" src=\"https:\/\/timbloemers.com\/wp-content\/uploads\/2025\/07\/Tim-Paars-1024x576.jpg\" class=\"attachment-large size-large wp-image-18\" alt=\"\" srcset=\"https:\/\/timbloemers.com\/wp-content\/uploads\/2025\/07\/Tim-Paars-1024x576.jpg 1024w, https:\/\/timbloemers.com\/wp-content\/uploads\/2025\/07\/Tim-Paars-300x169.jpg 300w, https:\/\/timbloemers.com\/wp-content\/uploads\/2025\/07\/Tim-Paars-768x432.jpg 768w, https:\/\/timbloemers.com\/wp-content\/uploads\/2025\/07\/Tim-Paars-1536x864.jpg 1536w, https:\/\/timbloemers.com\/wp-content\/uploads\/2025\/07\/Tim-Paars.jpg 1920w\" sizes=\"(max-width: 800px) 100vw, 800px\" \/>\t\t\t\t\t\t\t\t\t\t\t\t\t\t\t<\/div>\n\t\t\t\t<\/div>\n\t\t\t\t\t<\/div>\n\t\t\t\t<\/div>\n\t\t<div class=\"elementor-element elementor-element-3623613 e-flex e-con-boxed e-con e-parent\" data-id=\"3623613\" data-element_type=\"container\" data-settings=\"{&quot;background_background&quot;:&quot;classic&quot;}\">\n\t\t\t\t\t<div class=\"e-con-inner\">\n\t\t<div class=\"elementor-element elementor-element-a823a2f e-con-full e-flex e-con e-child\" data-id=\"a823a2f\" data-element_type=\"container\">\n\t\t\t\t<div class=\"elementor-element elementor-element-3789c95 elementor-widget elementor-widget-heading\" data-id=\"3789c95\" data-element_type=\"widget\" data-widget_type=\"heading.default\">\n\t\t\t\t\t<h2 class=\"elementor-heading-title elementor-size-default\">Hoe ik jou kan helpen<\/h2>\t\t\t\t<\/div>\n\t\t\t\t<div class=\"elementor-element elementor-element-6ca529e elementor-widget elementor-widget-text-editor\" data-id=\"6ca529e\" data-element_type=\"widget\" data-widget_type=\"text-editor.default\">\n\t\t\t\t\t\t\t\t\t<p data-start=\"1720\" data-end=\"1789\">Ik geef interactieve sessies waarin inspiratie en actie samenkomen.<\/p><p data-start=\"1791\" data-end=\"2031\">\ud83d\udd39 <strong data-start=\"1794\" data-end=\"1826\">Een inspirerende presentatie<\/strong> over de echte mogelijkheden van AI binnen jouw bedrijf<br data-start=\"1881\" data-end=\"1884\" \/>\ud83d\udd39 <strong data-start=\"1887\" data-end=\"1916\">Een praktische brainstorm<\/strong> waarin we kansen en knelpunten concreet maken<br data-start=\"1962\" data-end=\"1965\" \/>\ud83d\udd39 <strong data-start=\"1968\" data-end=\"1998\">Een helder plan van aanpak<\/strong> om de eerste stappen te zetten<\/p><p data-start=\"2033\" data-end=\"2161\">Na \u00e9\u00e9n sessie heb je geen vaag beeld meer van \u201ciets met AI\u201d,<br data-start=\"2093\" data-end=\"2096\" \/>maar een concreet overzicht van <strong data-start=\"2128\" data-end=\"2158\">wat je morgen al kunt doen<\/strong>.<\/p>\t\t\t\t\t\t\t\t<\/div>\n\t\t\t\t<\/div>\n\t\t<div class=\"elementor-element elementor-element-46b16e3 e-con-full e-flex e-con e-child\" data-id=\"46b16e3\" data-element_type=\"container\">\n\t\t\t\t<\/div>\n\t\t\t\t\t<\/div>\n\t\t\t\t<\/div>\n\t\t<div class=\"elementor-element elementor-element-2bf9bcb e-flex e-con-boxed e-con e-parent\" data-id=\"2bf9bcb\" data-element_type=\"container\">\n\t\t\t\t\t<div class=\"e-con-inner\">\n\t\t<div class=\"elementor-element elementor-element-b80f914 e-con-full e-flex e-con e-child\" data-id=\"b80f914\" data-element_type=\"container\">\n\t\t\t\t<div class=\"elementor-element elementor-element-739b95c elementor-widget elementor-widget-heading\" data-id=\"739b95c\" data-element_type=\"widget\" data-widget_type=\"heading.default\">\n\t\t\t\t\t<h2 class=\"elementor-heading-title elementor-size-default\">Past dit bij jouw organisatie?<\/h2>\t\t\t\t<\/div>\n\t\t\t\t<div class=\"elementor-element elementor-element-e8a6364 elementor-widget elementor-widget-text-editor\" data-id=\"e8a6364\" data-element_type=\"widget\" data-widget_type=\"text-editor.default\">\n\t\t\t\t\t\t\t\t\t<p data-start=\"2187\" data-end=\"2232\">Mijn lezingen en sessies zijn bedoeld voor:<\/p><ul data-start=\"2233\" data-end=\"2439\"><li data-start=\"2233\" data-end=\"2290\"><p data-start=\"2235\" data-end=\"2290\">Teams die weten dat AI meer kan dan wat prompts typen<\/p><\/li><li data-start=\"2291\" data-end=\"2364\"><p data-start=\"2293\" data-end=\"2364\">Bedrijven die slimmer willen werken, maar niet weten waar te beginnen<\/p><\/li><li data-start=\"2365\" data-end=\"2439\"><p data-start=\"2367\" data-end=\"2439\">Leidinggevenden die hun mensen willen meenemen in de digitale toekomst<\/p><\/li><\/ul><p data-start=\"2441\" data-end=\"2574\">Of je nu werkt in marketing, operations, HR of sales \u2014<br data-start=\"2495\" data-end=\"2498\" \/>ik help je zien waar AI <em data-start=\"2522\" data-end=\"2528\">echt<\/em> verschil maakt in jouw dagelijkse praktijk.<\/p>\t\t\t\t\t\t\t\t<\/div>\n\t\t\t\t<\/div>\n\t\t<div class=\"elementor-element elementor-element-db4cc68 e-con-full e-flex e-con e-child\" data-id=\"db4cc68\" data-element_type=\"container\">\n\t\t\t\t<\/div>\n\t\t\t\t\t<\/div>\n\t\t\t\t<\/div>\n\t\t<div class=\"elementor-element elementor-element-c991866 e-flex e-con-boxed e-con e-parent\" data-id=\"c991866\" data-element_type=\"container\" data-settings=\"{&quot;background_background&quot;:&quot;classic&quot;}\">\n\t\t\t\t\t<div class=\"e-con-inner\">\n\t\t\t\t<div class=\"elementor-element elementor-element-c2701e6 elementor-widget elementor-widget-heading\" data-id=\"c2701e6\" data-element_type=\"widget\" data-widget_type=\"heading.default\">\n\t\t\t\t\t<h2 class=\"elementor-heading-title elementor-size-default\">Contact<\/h2>\t\t\t\t<\/div>\n\t\t\t\t<div class=\"elementor-element elementor-element-d9e9989 elementor-widget elementor-widget-text-editor\" data-id=\"d9e9989\" data-element_type=\"widget\" data-widget_type=\"text-editor.default\">\n\t\t\t\t\t\t\t\t\t<p data-start=\"2187\" data-end=\"2232\">Benieuwd of ik iets voor jouw organisatie kan betekenen?<br \/>Gebruik onderstaand formulier, of stuur <span style=\"text-decoration: underline;\"><a href=\"http:\/\/linkedin.com\/in\/timbloemers\">een berichtje op LinkedIn<\/a><\/span>.<\/p>\t\t\t\t\t\t\t\t<\/div>\n\t\t\t\t<div class=\"elementor-element elementor-element-6b7042f elementor-button-align-stretch elementor-widget elementor-widget-form\" data-id=\"6b7042f\" data-element_type=\"widget\" data-settings=\"{&quot;button_width&quot;:&quot;25&quot;,&quot;step_next_label&quot;:&quot;Next&quot;,&quot;step_previous_label&quot;:&quot;Previous&quot;,&quot;step_type&quot;:&quot;number_text&quot;,&quot;step_icon_shape&quot;:&quot;circle&quot;}\" data-widget_type=\"form.default\">\n\t\t\t\t\t\t\t<form class=\"elementor-form\" method=\"post\" name=\"Contact\" aria-label=\"Contact\">\n\t\t\t<input type=\"hidden\" name=\"post_id\" value=\"9\"\/>\n\t\t\t<input type=\"hidden\" name=\"form_id\" value=\"6b7042f\"\/>\n\t\t\t<input type=\"hidden\" name=\"referer_title\" value=\"\" \/>\n\n\t\t\t\t\t\t\t<input type=\"hidden\" name=\"queried_id\" value=\"9\"\/>\n\t\t\t\n\t\t\t<div class=\"elementor-form-fields-wrapper elementor-labels-\">\n\t\t\t\t\t\t\t\t<div class=\"elementor-field-type-text elementor-field-group elementor-column elementor-field-group-name elementor-col-50 elementor-sm-50 elementor-field-required\">\n\t\t\t\t\t\t\t\t\t\t\t\t<label for=\"form-field-name\" class=\"elementor-field-label elementor-screen-only\">\n\t\t\t\t\t\t\t\tVoornaam\t\t\t\t\t\t\t<\/label>\n\t\t\t\t\t\t\t\t\t\t\t\t\t\t<input size=\"1\" type=\"text\" name=\"form_fields[name]\" id=\"form-field-name\" class=\"elementor-field elementor-size-sm  elementor-field-textual\" placeholder=\"Voornaam\" required=\"required\">\n\t\t\t\t\t\t\t\t\t\t\t<\/div>\n\t\t\t\t\t\t\t\t<div class=\"elementor-field-type-text elementor-field-group elementor-column elementor-field-group-field_a8ef3c7 elementor-col-50 elementor-sm-50 elementor-field-required\">\n\t\t\t\t\t\t\t\t\t\t\t\t<label for=\"form-field-field_a8ef3c7\" class=\"elementor-field-label elementor-screen-only\">\n\t\t\t\t\t\t\t\tAchternaam\t\t\t\t\t\t\t<\/label>\n\t\t\t\t\t\t\t\t\t\t\t\t\t\t<input size=\"1\" type=\"text\" name=\"form_fields[field_a8ef3c7]\" id=\"form-field-field_a8ef3c7\" class=\"elementor-field elementor-size-sm  elementor-field-textual\" placeholder=\"Achternaam\" required=\"required\">\n\t\t\t\t\t\t\t\t\t\t\t<\/div>\n\t\t\t\t\t\t\t\t<div class=\"elementor-field-type-email elementor-field-group elementor-column elementor-field-group-email elementor-col-50 elementor-sm-50 elementor-field-required\">\n\t\t\t\t\t\t\t\t\t\t\t\t<label for=\"form-field-email\" class=\"elementor-field-label elementor-screen-only\">\n\t\t\t\t\t\t\t\tEmail\t\t\t\t\t\t\t<\/label>\n\t\t\t\t\t\t\t\t\t\t\t\t\t\t<input size=\"1\" type=\"email\" name=\"form_fields[email]\" id=\"form-field-email\" class=\"elementor-field elementor-size-sm  elementor-field-textual\" placeholder=\"Email\" required=\"required\">\n\t\t\t\t\t\t\t\t\t\t\t<\/div>\n\t\t\t\t\t\t\t\t<div class=\"elementor-field-type-tel elementor-field-group elementor-column elementor-field-group-field_f9c74bc elementor-col-50 elementor-sm-50 elementor-field-required\">\n\t\t\t\t\t\t\t\t\t\t\t\t<label for=\"form-field-field_f9c74bc\" class=\"elementor-field-label elementor-screen-only\">\n\t\t\t\t\t\t\t\tTelefoon\t\t\t\t\t\t\t<\/label>\n\t\t\t\t\t\t\t\t<input size=\"1\" type=\"tel\" name=\"form_fields[field_f9c74bc]\" id=\"form-field-field_f9c74bc\" class=\"elementor-field elementor-size-sm  elementor-field-textual\" placeholder=\"Telefoon\" required=\"required\" pattern=\"[0-9()#&amp;+*-=.]+\" title=\"Alleen nummers en telefoontekens (#, -, *, enz.) worden geaccepteerd.\">\n\n\t\t\t\t\t\t<\/div>\n\t\t\t\t\t\t\t\t<div class=\"elementor-field-type-text elementor-field-group elementor-column elementor-field-group-field_73011e4 elementor-col-100\">\n\t\t\t\t\t\t\t\t\t\t\t\t<label for=\"form-field-field_73011e4\" class=\"elementor-field-label elementor-screen-only\">\n\t\t\t\t\t\t\t\tBedrijfsnaam\t\t\t\t\t\t\t<\/label>\n\t\t\t\t\t\t\t\t\t\t\t\t\t\t<input size=\"1\" type=\"text\" name=\"form_fields[field_73011e4]\" id=\"form-field-field_73011e4\" class=\"elementor-field elementor-size-sm  elementor-field-textual\" placeholder=\"Bedrijfsnaam\">\n\t\t\t\t\t\t\t\t\t\t\t<\/div>\n\t\t\t\t\t\t\t\t<div class=\"elementor-field-type-textarea elementor-field-group elementor-column elementor-field-group-message elementor-col-100\">\n\t\t\t\t\t\t\t\t\t\t\t\t<label for=\"form-field-message\" class=\"elementor-field-label elementor-screen-only\">\n\t\t\t\t\t\t\t\tAanvraag\t\t\t\t\t\t\t<\/label>\n\t\t\t\t\t\t<textarea class=\"elementor-field-textual elementor-field  elementor-size-sm\" name=\"form_fields[message]\" id=\"form-field-message\" rows=\"4\" placeholder=\"Waarmee zou ik je kunnen helpen?\"><\/textarea>\t\t\t\t<\/div>\n\t\t\t\t\t\t\t\t<div class=\"elementor-field-type-recaptcha_v3 elementor-field-group elementor-column elementor-field-group-field_a1cbae4 elementor-col-100 recaptcha_v3-bottomright\">\n\t\t\t\t\t<div class=\"elementor-field\" id=\"form-field-field_a1cbae4\"><div class=\"elementor-g-recaptcha\" data-sitekey=\"6Lf9LyksAAAAABLBvTj5KhAlHPaIT6pdHoJw-J4g\" data-type=\"v3\" data-action=\"Form\" data-badge=\"bottomright\" data-size=\"invisible\"><\/div><\/div>\t\t\t\t<\/div>\n\t\t\t\t\t\t\t\t<div class=\"elementor-field-group elementor-column elementor-field-type-submit elementor-col-25 e-form__buttons\">\n\t\t\t\t\t<button class=\"elementor-button elementor-size-sm elementor-animation-grow\" type=\"submit\">\n\t\t\t\t\t\t<span class=\"elementor-button-content-wrapper\">\n\t\t\t\t\t\t\t\t\t\t\t\t\t\t\t\t\t\t\t\t\t\t<span class=\"elementor-button-text\">Versturen<\/span>\n\t\t\t\t\t\t\t\t\t\t\t\t\t<\/span>\n\t\t\t\t\t<\/button>\n\t\t\t\t<\/div>\n\t\t\t<\/div>\n\t\t<\/form>\n\t\t\t\t\t\t<\/div>\n\t\t\t\t\t<\/div>\n\t\t\t\t<\/div>\n\t\t\t\t<\/div>\n\t\t","protected":false},"excerpt":{"rendered":"<p>Tim Bloemers Ondernemer. Spreker. AI-expert. &#8220;Wij moeten ook iets met AI.&#8221; Herkenbare zin? De meeste bedrijven zitten vol ambitie. Ze weten dat AI enorme kansen biedt. Voor effici\u00ebntie, creativiteit, klantcontact. Maar in de praktijk blijft het vaak bij wat testen met ChatGPT of CoPilot\u2026en dan loopt het vast. Niet omdat de wil ontbreekt, maar omdat [&hellip;]<\/p>\n","protected":false},"author":1,"featured_media":0,"parent":0,"menu_order":0,"comment_status":"closed","ping_status":"closed","template":"","meta":{"footnotes":""},"class_list":["post-9","page","type-page","status-publish","hentry"],"_links":{"self":[{"href":"https:\/\/timbloemers.com\/index.php?rest_route=\/wp\/v2\/pages\/9","targetHints":{"allow":["GET"]}}],"collection":[{"href":"https:\/\/timbloemers.com\/index.php?rest_route=\/wp\/v2\/pages"}],"about":[{"href":"https:\/\/timbloemers.com\/index.php?rest_route=\/wp\/v2\/types\/page"}],"author":[{"embeddable":true,"href":"https:\/\/timbloemers.com\/index.php?rest_route=\/wp\/v2\/users\/1"}],"replies":[{"embeddable":true,"href":"https:\/\/timbloemers.com\/index.php?rest_route=%2Fwp%2Fv2%2Fcomments&post=9"}],"version-history":[{"count":28,"href":"https:\/\/timbloemers.com\/index.php?rest_route=\/wp\/v2\/pages\/9\/revisions"}],"predecessor-version":[{"id":67,"href":"https:\/\/timbloemers.com\/index.php?rest_route=\/wp\/v2\/pages\/9\/revisions\/67"}],"wp:attachment":[{"href":"https:\/\/timbloemers.com\/index.php?rest_route=%2Fwp%2Fv2%2Fmedia&parent=9"}],"curies":[{"name":"wp","href":"https:\/\/api.w.org\/{rel}","templated":true}]}}